{"id":1576,"date":"2018-01-12T16:55:17","date_gmt":"2018-01-12T15:55:17","guid":{"rendered":"http:\/\/architecture-concept.eu\/?page_id=1576"},"modified":"2018-03-15T14:53:49","modified_gmt":"2018-03-15T13:53:49","slug":"architecture","status":"publish","type":"page","link":"https:\/\/architecture-concept.eu\/?page_id=1576","title":{"rendered":"Architecture"},"content":{"rendered":"<p>[et_pb_section fb_built=\u00a0\u00bb1&Prime; background_color=\u00a0\u00bbrgba(255,255,255,0)\u00a0\u00bb admin_label=\u00a0\u00bbsection\u00a0\u00bb _builder_version=\u00a0\u00bb3.0.106&Prime; custom_margin=\u00a0\u00bb||100px|\u00a0\u00bb custom_margin_last_edited=\u00a0\u00bbon|desktop\u00a0\u00bb custom_padding=\u00a0\u00bb20px||500px|\u00a0\u00bb][et_pb_row background_color=\u00a0\u00bbrgba(255,255,255,0.75)\u00a0\u00bb admin_label=\u00a0\u00bbrow\u00a0\u00bb _builder_version=\u00a0\u00bb3.0.93&Prime; background_size=\u00a0\u00bbinitial\u00a0\u00bb background_position=\u00a0\u00bbtop_left\u00a0\u00bb background_repeat=\u00a0\u00bbrepeat\u00a0\u00bb][et_pb_column type=\u00a0\u00bb4_4&Prime; _builder_version=\u00a0\u00bb3.0.47&Prime; parallax=\u00a0\u00bboff\u00a0\u00bb parallax_method=\u00a0\u00bbon\u00a0\u00bb][et_pb_text _builder_version=\u00a0\u00bb3.0.106&Prime; text_text_color=\u00a0\u00bb#000000&Prime; custom_padding=\u00a0\u00bb|20px||20px\u00a0\u00bb filter_hue_rotate=\u00a0\u00bb210deg\u00a0\u00bb filter_opacity=\u00a0\u00bb70%\u00a0\u00bb]<\/p>\n<h2>Architecture<\/h2>\n<p>Nous consid\u00e9rons l\u2019architecture comme un corps vivant qui entretient une relation harmonieuse avec la nature et qui constitue un cadre de vie sain et confortable. Nous modelons vos espaces de vie de qualit\u00e9 pour votre confort d\u2019usage.<\/p>\n<p>Notre conception respecte et dialogue avec l\u2019environnement proche pour permettre une int\u00e9gration harmonieuse dans le site tant au niveau des volumes, des rythmes et des couleurs. Elle met en valeur les caract\u00e9ristiques propres du site.<\/p>\n<p>Notre volont\u00e9 est l\u2019am\u00e9lioration de la qualit\u00e9 des modes de vie par la conception d\u2019une composition architecturale en harmonie avec l\u2019environnement.<\/p>\n<p>Notre d\u00e9marche se base sur l\u2019analyse, la compr\u00e9hension et l\u2019adaptation des constituants du site en corr\u00e9lation avec le programme du projet. Elle g\u00e8re les pr\u00e9occupations sociales, \u00e9conomiques et environnementales.<br \/>\n[\/et_pb_text][\/et_pb_column][\/et_pb_row][\/et_pb_section]<\/p>\n","protected":false},"excerpt":{"rendered":"<p>Architecture Nous consid\u00e9rons l\u2019architecture comme un corps vivant qui entretient une relation harmonieuse avec la nature et qui constitue un cadre de vie sain et confortable. Nous modelons vos espaces de vie de qualit\u00e9 pour votre confort d\u2019usage. Notre conception respecte et dialogue avec l\u2019environnement proche pour permettre une int\u00e9gration harmonieuse dans le site tant [&hellip;]<\/p>\n","protected":false},"author":1,"featured_media":0,"parent":1572,"menu_order":1,"comment_status":"closed","ping_status":"closed","template":"","meta":{"_et_pb_use_builder":"on","_et_pb_old_content":"","_et_gb_content_width":"","jetpack_post_was_ever_published":false,"footnotes":""},"class_list":["post-1576","page","type-page","status-publish","hentry"],"jetpack_sharing_enabled":true,"jetpack_shortlink":"https:\/\/wp.me\/P8hW72-pq","jetpack-related-posts":[],"_links":{"self":[{"href":"https:\/\/architecture-concept.eu\/index.php?rest_route=\/wp\/v2\/pages\/1576","targetHints":{"allow":["GET"]}}],"collection":[{"href":"https:\/\/architecture-concept.eu\/index.php?rest_route=\/wp\/v2\/pages"}],"about":[{"href":"https:\/\/architecture-concept.eu\/index.php?rest_route=\/wp\/v2\/types\/page"}],"author":[{"embeddable":true,"href":"https:\/\/architecture-concept.eu\/index.php?rest_route=\/wp\/v2\/users\/1"}],"replies":[{"embeddable":true,"href":"https:\/\/architecture-concept.eu\/index.php?rest_route=%2Fwp%2Fv2%2Fcomments&post=1576"}],"version-history":[{"count":3,"href":"https:\/\/architecture-concept.eu\/index.php?rest_route=\/wp\/v2\/pages\/1576\/revisions"}],"predecessor-version":[{"id":1686,"href":"https:\/\/architecture-concept.eu\/index.php?rest_route=\/wp\/v2\/pages\/1576\/revisions\/1686"}],"up":[{"embeddable":true,"href":"https:\/\/architecture-concept.eu\/index.php?rest_route=\/wp\/v2\/pages\/1572"}],"wp:attachment":[{"href":"https:\/\/architecture-concept.eu\/index.php?rest_route=%2Fwp%2Fv2%2Fmedia&parent=1576"}],"curies":[{"name":"wp","href":"https:\/\/api.w.org\/{rel}","templated":true}]}}