{"id":1578,"date":"2018-01-12T16:57:38","date_gmt":"2018-01-12T15:57:38","guid":{"rendered":"http:\/\/architecture-concept.eu\/?page_id=1578"},"modified":"2018-03-15T14:54:36","modified_gmt":"2018-03-15T13:54:36","slug":"qeb-qualite-environnementale-du-batiment","status":"publish","type":"page","link":"https:\/\/architecture-concept.eu\/?page_id=1578","title":{"rendered":"QEB &#8211; Qualit\u00e9 environnementale du b\u00e2timent"},"content":{"rendered":"<p>[et_pb_section fb_built=\u00a0\u00bb1&Prime; background_color=\u00a0\u00bbrgba(255,255,255,0)\u00a0\u00bb admin_label=\u00a0\u00bbsection\u00a0\u00bb _builder_version=\u00a0\u00bb3.0.106&Prime; custom_margin_last_edited=\u00a0\u00bbon|desktop\u00a0\u00bb custom_padding=\u00a0\u00bb20px||500px|\u00a0\u00bb custom_margin=\u00a0\u00bb||100px|\u00a0\u00bb][et_pb_row background_color=\u00a0\u00bbrgba(255,255,255,0.75)\u00a0\u00bb admin_label=\u00a0\u00bbrow\u00a0\u00bb _builder_version=\u00a0\u00bb3.0.93&Prime; background_size=\u00a0\u00bbinitial\u00a0\u00bb background_position=\u00a0\u00bbtop_left\u00a0\u00bb background_repeat=\u00a0\u00bbrepeat\u00a0\u00bb][et_pb_column type=\u00a0\u00bb4_4&Prime; _builder_version=\u00a0\u00bb3.0.47&Prime; parallax=\u00a0\u00bboff\u00a0\u00bb parallax_method=\u00a0\u00bbon\u00a0\u00bb][et_pb_text _builder_version=\u00a0\u00bb3.0.106&Prime; text_text_color=\u00a0\u00bb#000000&Prime; custom_padding=\u00a0\u00bb|20px||20px\u00a0\u00bb filter_hue_rotate=\u00a0\u00bb210deg\u00a0\u00bb filter_opacity=\u00a0\u00bb70%\u00a0\u00bb]<\/p>\n<h2>QEB &#8211; Qualit\u00e9 environnementale du b\u00e2timent<\/h2>\n<p>Pr\u00e9occup\u00e9s par l\u2019impact environnemental des croissances urbaines, nous sommes fortement impliqu\u00e9s dans une logique de d\u00e9veloppement durable. Cette approche volontariste est pour nous avant tout une question de bon sens plut\u00f4t qu\u2019une contrainte. Nous concevons les projets suivant la d\u00e9marche bioclimatique.<\/p>\n<p>Architecture concept aborde l\u2019urbanisme et l\u2019architecture selon une approche respectueuse de l\u2019environnement. Elle remet en question la mani\u00e8re de vivre et d\u2019habiter des habitants et d\u00e9veloppe de nouveaux mod\u00e8les d\u2019architecture et d\u2019urbanisme \u00e9conomes en terrain, en \u00e9nergie et en mat\u00e9riaux.<br \/>\n[\/et_pb_text][\/et_pb_column][\/et_pb_row][\/et_pb_section]<\/p>\n","protected":false},"excerpt":{"rendered":"<p>QEB &#8211; Qualit\u00e9 environnementale du b\u00e2timent Pr\u00e9occup\u00e9s par l\u2019impact environnemental des croissances urbaines, nous sommes fortement impliqu\u00e9s dans une logique de d\u00e9veloppement durable. Cette approche volontariste est pour nous avant tout une question de bon sens plut\u00f4t qu\u2019une contrainte. Nous concevons les projets suivant la d\u00e9marche bioclimatique. Architecture concept aborde l\u2019urbanisme et l\u2019architecture selon une [&hellip;]<\/p>\n","protected":false},"author":1,"featured_media":0,"parent":1572,"menu_order":0,"comment_status":"closed","ping_status":"closed","template":"","meta":{"_et_pb_use_builder":"on","_et_pb_old_content":"","_et_gb_content_width":"","jetpack_post_was_ever_published":false,"footnotes":""},"class_list":["post-1578","page","type-page","status-publish","hentry"],"jetpack_sharing_enabled":true,"jetpack_shortlink":"https:\/\/wp.me\/P8hW72-ps","jetpack-related-posts":[],"_links":{"self":[{"href":"https:\/\/architecture-concept.eu\/index.php?rest_route=\/wp\/v2\/pages\/1578","targetHints":{"allow":["GET"]}}],"collection":[{"href":"https:\/\/architecture-concept.eu\/index.php?rest_route=\/wp\/v2\/pages"}],"about":[{"href":"https:\/\/architecture-concept.eu\/index.php?rest_route=\/wp\/v2\/types\/page"}],"author":[{"embeddable":true,"href":"https:\/\/architecture-concept.eu\/index.php?rest_route=\/wp\/v2\/users\/1"}],"replies":[{"embeddable":true,"href":"https:\/\/architecture-concept.eu\/index.php?rest_route=%2Fwp%2Fv2%2Fcomments&post=1578"}],"version-history":[{"count":6,"href":"https:\/\/architecture-concept.eu\/index.php?rest_route=\/wp\/v2\/pages\/1578\/revisions"}],"predecessor-version":[{"id":1687,"href":"https:\/\/architecture-concept.eu\/index.php?rest_route=\/wp\/v2\/pages\/1578\/revisions\/1687"}],"up":[{"embeddable":true,"href":"https:\/\/architecture-concept.eu\/index.php?rest_route=\/wp\/v2\/pages\/1572"}],"wp:attachment":[{"href":"https:\/\/architecture-concept.eu\/index.php?rest_route=%2Fwp%2Fv2%2Fmedia&parent=1578"}],"curies":[{"name":"wp","href":"https:\/\/api.w.org\/{rel}","templated":true}]}}