{"id":1580,"date":"2018-01-12T17:01:43","date_gmt":"2018-01-12T16:01:43","guid":{"rendered":"http:\/\/architecture-concept.eu\/?page_id=1580"},"modified":"2018-03-15T14:55:33","modified_gmt":"2018-03-15T13:55:33","slug":"maitrise-de-lenergie","status":"publish","type":"page","link":"https:\/\/architecture-concept.eu\/?page_id=1580","title":{"rendered":"Ma\u00eetrise de l\u2019\u00e9nergie"},"content":{"rendered":"<p>[et_pb_section fb_built=\u00a0\u00bb1&Prime; background_color=\u00a0\u00bbrgba(255,255,255,0)\u00a0\u00bb admin_label=\u00a0\u00bbsection\u00a0\u00bb _builder_version=\u00a0\u00bb3.0.106&Prime; custom_margin=\u00a0\u00bb||100px|\u00a0\u00bb custom_margin_last_edited=\u00a0\u00bbon|desktop\u00a0\u00bb custom_padding=\u00a0\u00bb20px||500px|\u00a0\u00bb][et_pb_row background_color=\u00a0\u00bbrgba(255,255,255,0.75)\u00a0\u00bb admin_label=\u00a0\u00bbrow\u00a0\u00bb _builder_version=\u00a0\u00bb3.0.106&Prime; background_size=\u00a0\u00bbinitial\u00a0\u00bb background_position=\u00a0\u00bbtop_left\u00a0\u00bb background_repeat=\u00a0\u00bbrepeat\u00a0\u00bb][et_pb_column type=\u00a0\u00bb4_4&Prime; _builder_version=\u00a0\u00bb3.0.47&Prime; parallax=\u00a0\u00bboff\u00a0\u00bb parallax_method=\u00a0\u00bbon\u00a0\u00bb][et_pb_text _builder_version=\u00a0\u00bb3.0.106&Prime; text_text_color=\u00a0\u00bb#000000&Prime; custom_padding=\u00a0\u00bb|20px||20px\u00a0\u00bb filter_hue_rotate=\u00a0\u00bb210deg\u00a0\u00bb filter_opacity=\u00a0\u00bb70%\u00a0\u00bb]<\/p>\n<h2>Ma\u00eetrise de l\u2019\u00e9nergie<\/h2>\n<p>Sp\u00e9cialiste des b\u00e2timents basses consommations et des b\u00e2timents passifs,\u00a0Architecture Concept est partenaire sp\u00e9cialiste MINERGIE et est membre de \u00ab\u00a0La Maison Passive France\u00a0\u00bb.<\/p>\n<p>Une bonne conception architecturale permet de ma\u00eetriser les \u00e9nergies et par cons\u00e9quent le co\u00fbt global.<br \/>\n[\/et_pb_text][\/et_pb_column][\/et_pb_row][\/et_pb_section]<\/p>\n","protected":false},"excerpt":{"rendered":"<p>Ma\u00eetrise de l\u2019\u00e9nergie Sp\u00e9cialiste des b\u00e2timents basses consommations et des b\u00e2timents passifs,\u00a0Architecture Concept est partenaire sp\u00e9cialiste MINERGIE et est membre de \u00ab\u00a0La Maison Passive France\u00a0\u00bb. Une bonne conception architecturale permet de ma\u00eetriser les \u00e9nergies et par cons\u00e9quent le co\u00fbt global.<\/p>\n","protected":false},"author":1,"featured_media":0,"parent":1572,"menu_order":3,"comment_status":"closed","ping_status":"closed","template":"","meta":{"_et_pb_use_builder":"on","_et_pb_old_content":"","_et_gb_content_width":"","jetpack_post_was_ever_published":false,"footnotes":""},"class_list":["post-1580","page","type-page","status-publish","hentry"],"jetpack_sharing_enabled":true,"jetpack_shortlink":"https:\/\/wp.me\/P8hW72-pu","jetpack-related-posts":[],"_links":{"self":[{"href":"https:\/\/architecture-concept.eu\/index.php?rest_route=\/wp\/v2\/pages\/1580","targetHints":{"allow":["GET"]}}],"collection":[{"href":"https:\/\/architecture-concept.eu\/index.php?rest_route=\/wp\/v2\/pages"}],"about":[{"href":"https:\/\/architecture-concept.eu\/index.php?rest_route=\/wp\/v2\/types\/page"}],"author":[{"embeddable":true,"href":"https:\/\/architecture-concept.eu\/index.php?rest_route=\/wp\/v2\/users\/1"}],"replies":[{"embeddable":true,"href":"https:\/\/architecture-concept.eu\/index.php?rest_route=%2Fwp%2Fv2%2Fcomments&post=1580"}],"version-history":[{"count":6,"href":"https:\/\/architecture-concept.eu\/index.php?rest_route=\/wp\/v2\/pages\/1580\/revisions"}],"predecessor-version":[{"id":1688,"href":"https:\/\/architecture-concept.eu\/index.php?rest_route=\/wp\/v2\/pages\/1580\/revisions\/1688"}],"up":[{"embeddable":true,"href":"https:\/\/architecture-concept.eu\/index.php?rest_route=\/wp\/v2\/pages\/1572"}],"wp:attachment":[{"href":"https:\/\/architecture-concept.eu\/index.php?rest_route=%2Fwp%2Fv2%2Fmedia&parent=1580"}],"curies":[{"name":"wp","href":"https:\/\/api.w.org\/{rel}","templated":true}]}}