{"id":386,"date":"2017-01-16T14:36:41","date_gmt":"2017-01-16T13:36:41","guid":{"rendered":"http:\/\/architecture-concept.eu\/?page_id=386"},"modified":"2018-03-15T14:52:42","modified_gmt":"2018-03-15T13:52:42","slug":"le-personnel","status":"publish","type":"page","link":"https:\/\/architecture-concept.eu\/?page_id=386","title":{"rendered":"L&rsquo;agence"},"content":{"rendered":"<p>[et_pb_section fb_built=\u00a0\u00bb1&Prime; background_color=\u00a0\u00bbrgba(255,255,255,0)\u00a0\u00bb admin_label=\u00a0\u00bbsection\u00a0\u00bb _builder_version=\u00a0\u00bb3.0.106&Prime; custom_padding=\u00a0\u00bb20px||500px|\u00a0\u00bb custom_margin=\u00a0\u00bb||100px|\u00a0\u00bb][et_pb_row custom_width_px=\u00a0\u00bb950px\u00a0\u00bb custom_padding=\u00a0\u00bb|||\u00a0\u00bb custom_margin=\u00a0\u00bb|||\u00a0\u00bb background_color=\u00a0\u00bbrgba(255,255,255,0.75)\u00a0\u00bb admin_label=\u00a0\u00bbrow\u00a0\u00bb _builder_version=\u00a0\u00bb3.0.106&Prime; background_size=\u00a0\u00bbinitial\u00a0\u00bb background_position=\u00a0\u00bbtop_left\u00a0\u00bb background_repeat=\u00a0\u00bbrepeat\u00a0\u00bb module_alignment=\u00a0\u00bbcenter\u00a0\u00bb][et_pb_column type=\u00a0\u00bb4_4&Prime; _builder_version=\u00a0\u00bb3.0.47&Prime; parallax=\u00a0\u00bboff\u00a0\u00bb parallax_method=\u00a0\u00bbon\u00a0\u00bb][et_pb_text _builder_version=\u00a0\u00bb3.0.106&Prime; text_font=\u00a0\u00bb||||||||\u00a0\u00bb text_text_color=\u00a0\u00bb#000000&Prime; header_font=\u00a0\u00bb||||||||\u00a0\u00bb custom_padding=\u00a0\u00bb|20px||20px\u00a0\u00bb filter_hue_rotate=\u00a0\u00bb210deg\u00a0\u00bb filter_opacity=\u00a0\u00bb70%\u00a0\u00bb]<\/p>\n<h1>L&rsquo;agence<\/h1>\n<p>La soci\u00e9t\u00e9 architecture concept s.a. a \u00e9t\u00e9 fond\u00e9e en 1990. En 2007 et 2009, la soci\u00e9t\u00e9 se restructure apr\u00e8s des d\u00e9parts en retraite.<\/p>\n<p>Notre domaine d\u2019activit\u00e9s est tr\u00e8s diversifi\u00e9 et vari\u00e9. Nous concevons des villas individuelles ou group\u00e9es, des logements collectifs, des \u00e9quipements publics, des b\u00e2timents scolaires, des bureaux et des commerces\u2026 tant en neuf qu\u2019en r\u00e9habilitation.<\/p>\n<p>Nous sommes sp\u00e9cialis\u00e9s dans la conception architecturale basse consommation.<\/p>\n<p>Architecture concept con\u00e7oit et organise vos espaces de vie. L\u2019agence utilise des moyens informatiques performants pour concr\u00e9tiser et visualiser en 3 dimensions votre projet.<\/p>\n<p>[\/et_pb_text][\/et_pb_column][\/et_pb_row][\/et_pb_section]<\/p>\n","protected":false},"excerpt":{"rendered":"<p>L&rsquo;agence La soci\u00e9t\u00e9 architecture concept s.a. a \u00e9t\u00e9 fond\u00e9e en 1990. En 2007 et 2009, la soci\u00e9t\u00e9 se restructure apr\u00e8s des d\u00e9parts en retraite. Notre domaine d\u2019activit\u00e9s est tr\u00e8s diversifi\u00e9 et vari\u00e9. Nous concevons des villas individuelles ou group\u00e9es, des logements collectifs, des \u00e9quipements publics, des b\u00e2timents scolaires, des bureaux et des commerces\u2026 tant en [&hellip;]<\/p>\n","protected":false},"author":1,"featured_media":0,"parent":211,"menu_order":0,"comment_status":"closed","ping_status":"closed","template":"","meta":{"_et_pb_use_builder":"on","_et_pb_old_content":"","_et_gb_content_width":"","jetpack_post_was_ever_published":false,"footnotes":""},"class_list":["post-386","page","type-page","status-publish","hentry"],"jetpack_sharing_enabled":true,"jetpack_shortlink":"https:\/\/wp.me\/P8hW72-6e","jetpack-related-posts":[],"_links":{"self":[{"href":"https:\/\/architecture-concept.eu\/index.php?rest_route=\/wp\/v2\/pages\/386","targetHints":{"allow":["GET"]}}],"collection":[{"href":"https:\/\/architecture-concept.eu\/index.php?rest_route=\/wp\/v2\/pages"}],"about":[{"href":"https:\/\/architecture-concept.eu\/index.php?rest_route=\/wp\/v2\/types\/page"}],"author":[{"embeddable":true,"href":"https:\/\/architecture-concept.eu\/index.php?rest_route=\/wp\/v2\/users\/1"}],"replies":[{"embeddable":true,"href":"https:\/\/architecture-concept.eu\/index.php?rest_route=%2Fwp%2Fv2%2Fcomments&post=386"}],"version-history":[{"count":32,"href":"https:\/\/architecture-concept.eu\/index.php?rest_route=\/wp\/v2\/pages\/386\/revisions"}],"predecessor-version":[{"id":1685,"href":"https:\/\/architecture-concept.eu\/index.php?rest_route=\/wp\/v2\/pages\/386\/revisions\/1685"}],"up":[{"embeddable":true,"href":"https:\/\/architecture-concept.eu\/index.php?rest_route=\/wp\/v2\/pages\/211"}],"wp:attachment":[{"href":"https:\/\/architecture-concept.eu\/index.php?rest_route=%2Fwp%2Fv2%2Fmedia&parent=386"}],"curies":[{"name":"wp","href":"https:\/\/api.w.org\/{rel}","templated":true}]}}