{"id":78,"date":"2016-12-09T11:54:04","date_gmt":"2016-12-09T10:54:04","guid":{"rendered":"http:\/\/architecture-concept.eu\/?page_id=78"},"modified":"2018-03-15T15:38:36","modified_gmt":"2018-03-15T14:38:36","slug":"test-1","status":"publish","type":"page","link":"https:\/\/architecture-concept.eu\/?page_id=78","title":{"rendered":"Projets &#8211; Nos r\u00e9alisations"},"content":{"rendered":"<p>[et_pb_section fb_built=\u00a0\u00bb1&Prime; background_color=\u00a0\u00bbrgba(255,255,255,0)\u00a0\u00bb custom_padding_last_edited=\u00a0\u00bbon|desktop\u00a0\u00bb _builder_version=\u00a0\u00bb3.0.106&Prime; custom_padding=\u00a0\u00bb20px||150px|\u00a0\u00bb custom_padding_tablet=\u00a0\u00bb50px|0|50px|0&Prime;][et_pb_row make_fullwidth=\u00a0\u00bbon\u00a0\u00bb use_custom_gutter=\u00a0\u00bbon\u00a0\u00bb gutter_width=\u00a0\u00bb2&Prime; custom_padding=\u00a0\u00bb150px|||\u00a0\u00bb custom_margin=\u00a0\u00bb0px|0px|250px|50px\u00a0\u00bb column_padding_mobile=\u00a0\u00bbon\u00a0\u00bb parallax_method_1=\u00a0\u00bboff\u00a0\u00bb parallax_method_2=\u00a0\u00bboff\u00a0\u00bb parallax_method_3=\u00a0\u00bboff\u00a0\u00bb parallax_method_4=\u00a0\u00bboff\u00a0\u00bb _builder_version=\u00a0\u00bb3.0.106&Prime; background_size=\u00a0\u00bbinitial\u00a0\u00bb background_position=\u00a0\u00bbtop_left\u00a0\u00bb background_repeat=\u00a0\u00bbrepeat\u00a0\u00bb custom_margin_last_edited=\u00a0\u00bbon|desktop\u00a0\u00bb][et_pb_column type=\u00a0\u00bb1_4&Prime; _builder_version=\u00a0\u00bb3.0.47&Prime; column_padding_mobile=\u00a0\u00bbon\u00a0\u00bb parallax=\u00a0\u00bboff\u00a0\u00bb parallax_method=\u00a0\u00bboff\u00a0\u00bb][et_pb_image src=\u00a0\u00bbhttps:\/\/architecture-concept.eu\/wp-content\/uploads\/2017\/02\/PR_villas.jpg\u00a0\u00bb alt=\u00a0\u00bbVillas (individuelles et group\u00e9es)\u00a0\u00bb url=\u00a0\u00bbhttps:\/\/architecture-concept.eu\/?page_id=517&Prime; use_overlay=\u00a0\u00bbon\u00a0\u00bb overlay_icon_color=\u00a0\u00bb#ffffff\u00a0\u00bb hover_overlay_color=\u00a0\u00bbrgba(0,0,0,0.6)\u00a0\u00bb hover_icon=\u00a0\u00bb%%28%%\u00a0\u00bb _builder_version=\u00a0\u00bb3.0.93&Prime; use_border_color=\u00a0\u00bboff\u00a0\u00bb][\/et_pb_image][et_pb_text background_layout=\u00a0\u00bbdark\u00a0\u00bb _builder_version=\u00a0\u00bb3.0.93&Prime; text_font_size=\u00a0\u00bb16px\u00a0\u00bb text_text_color=\u00a0\u00bb#ffffff\u00a0\u00bb header_font_size=\u00a0\u00bb20px\u00a0\u00bb header_text_color=\u00a0\u00bb#ffffff\u00a0\u00bb background_size=\u00a0\u00bbinitial\u00a0\u00bb background_position=\u00a0\u00bbtop_left\u00a0\u00bb background_repeat=\u00a0\u00bbrepeat\u00a0\u00bb text_orientation=\u00a0\u00bbcenter\u00a0\u00bb module_alignment=\u00a0\u00bbcenter\u00a0\u00bb use_border_color=\u00a0\u00bboff\u00a0\u00bb]<span style=\"color: #ffffff;\">Villas (individuelles et group\u00e9es)<\/span><br \/>\n[\/et_pb_text][\/et_pb_column][et_pb_column type=\u00a0\u00bb1_4&Prime; _builder_version=\u00a0\u00bb3.0.47&Prime; column_padding_mobile=\u00a0\u00bbon\u00a0\u00bb parallax=\u00a0\u00bboff\u00a0\u00bb parallax_method=\u00a0\u00bboff\u00a0\u00bb][et_pb_image src=\u00a0\u00bbhttps:\/\/architecture-concept.eu\/wp-content\/uploads\/2017\/02\/PR_logements.jpg\u00a0\u00bb title_text=\u00a0\u00bbLogements (collectifs et sociaux)\u00a0\u00bb url=\u00a0\u00bbhttps:\/\/architecture-concept.eu\/?page_id=1176&Prime; use_overlay=\u00a0\u00bbon\u00a0\u00bb overlay_icon_color=\u00a0\u00bb#ffffff\u00a0\u00bb hover_overlay_color=\u00a0\u00bbrgba(0,0,0,0.6)\u00a0\u00bb hover_icon=\u00a0\u00bb%%28%%\u00a0\u00bb show_bottom_space=\u00a0\u00bboff\u00a0\u00bb align=\u00a0\u00bbcenter\u00a0\u00bb _builder_version=\u00a0\u00bb3.0.93&Prime; use_border_color=\u00a0\u00bboff\u00a0\u00bb][\/et_pb_image][et_pb_text _builder_version=\u00a0\u00bb3.0.93&Prime; text_font_size=\u00a0\u00bb16px\u00a0\u00bb text_text_color=\u00a0\u00bb#ffffff\u00a0\u00bb header_font_size=\u00a0\u00bb20px\u00a0\u00bb header_text_color=\u00a0\u00bb#ffffff\u00a0\u00bb background_size=\u00a0\u00bbinitial\u00a0\u00bb background_position=\u00a0\u00bbtop_left\u00a0\u00bb background_repeat=\u00a0\u00bbrepeat\u00a0\u00bb text_orientation=\u00a0\u00bbcenter\u00a0\u00bb module_alignment=\u00a0\u00bbcenter\u00a0\u00bb custom_padding=\u00a0\u00bb30px|||\u00a0\u00bb use_border_color=\u00a0\u00bboff\u00a0\u00bb]Logements (collectifs et sociaux)<br \/>\n[\/et_pb_text][\/et_pb_column][et_pb_column type=\u00a0\u00bb1_4&Prime; _builder_version=\u00a0\u00bb3.0.47&Prime; column_padding_mobile=\u00a0\u00bbon\u00a0\u00bb parallax=\u00a0\u00bboff\u00a0\u00bb parallax_method=\u00a0\u00bboff\u00a0\u00bb][et_pb_image src=\u00a0\u00bbhttps:\/\/architecture-concept.eu\/wp-content\/uploads\/2017\/02\/PR_equipements.jpg\u00a0\u00bb url=\u00a0\u00bbhttps:\/\/architecture-concept.eu\/?page_id=1316&Prime; use_overlay=\u00a0\u00bbon\u00a0\u00bb overlay_icon_color=\u00a0\u00bb#ffffff\u00a0\u00bb hover_overlay_color=\u00a0\u00bbrgba(0,0,0,0.6)\u00a0\u00bb hover_icon=\u00a0\u00bb%%28%%\u00a0\u00bb _builder_version=\u00a0\u00bb3.0.93&Prime; use_border_color=\u00a0\u00bboff\u00a0\u00bb][\/et_pb_image][et_pb_text _builder_version=\u00a0\u00bb3.0.93&Prime; text_font_size=\u00a0\u00bb16px\u00a0\u00bb text_text_color=\u00a0\u00bb#ffffff\u00a0\u00bb header_font_size=\u00a0\u00bb19px\u00a0\u00bb header_text_color=\u00a0\u00bb#ffffff\u00a0\u00bb background_size=\u00a0\u00bbinitial\u00a0\u00bb background_position=\u00a0\u00bbtop_left\u00a0\u00bb background_repeat=\u00a0\u00bbrepeat\u00a0\u00bb text_orientation=\u00a0\u00bbcenter\u00a0\u00bb module_alignment=\u00a0\u00bbcenter\u00a0\u00bb use_border_color=\u00a0\u00bboff\u00a0\u00bb border_color=\u00a0\u00bb#ffffff\u00a0\u00bb border_style=\u00a0\u00bbsolid\u00a0\u00bb]\u00c9quipements publics, tertiaire, bureaux, commerces, \u00e9quipements techniques<br \/>\n[\/et_pb_text][\/et_pb_column][et_pb_column type=\u00a0\u00bb1_4&Prime; _builder_version=\u00a0\u00bb3.0.47&Prime; column_padding_mobile=\u00a0\u00bbon\u00a0\u00bb parallax=\u00a0\u00bboff\u00a0\u00bb parallax_method=\u00a0\u00bboff\u00a0\u00bb][et_pb_image src=\u00a0\u00bbhttps:\/\/architecture-concept.eu\/wp-content\/uploads\/2017\/02\/PR_details.jpg\u00a0\u00bb title_text=\u00a0\u00bbLogements (collectifs et sociaux)\u00a0\u00bb url=\u00a0\u00bbhttps:\/\/architecture-concept.eu\/?page_id=1462&Prime; use_overlay=\u00a0\u00bbon\u00a0\u00bb overlay_icon_color=\u00a0\u00bb#ffffff\u00a0\u00bb hover_overlay_color=\u00a0\u00bbrgba(0,0,0,0.6)\u00a0\u00bb hover_icon=\u00a0\u00bb%%28%%\u00a0\u00bb show_bottom_space=\u00a0\u00bboff\u00a0\u00bb align=\u00a0\u00bbcenter\u00a0\u00bb _builder_version=\u00a0\u00bb3.0.93&Prime; use_border_color=\u00a0\u00bboff\u00a0\u00bb][\/et_pb_image][et_pb_text _builder_version=\u00a0\u00bb3.0.93&Prime; text_font_size=\u00a0\u00bb16px\u00a0\u00bb text_text_color=\u00a0\u00bb#ffffff\u00a0\u00bb header_font_size=\u00a0\u00bb19px\u00a0\u00bb header_text_color=\u00a0\u00bb#ffffff\u00a0\u00bb background_size=\u00a0\u00bbinitial\u00a0\u00bb background_position=\u00a0\u00bbtop_left\u00a0\u00bb background_repeat=\u00a0\u00bbrepeat\u00a0\u00bb text_orientation=\u00a0\u00bbcenter\u00a0\u00bb module_alignment=\u00a0\u00bbcenter\u00a0\u00bb custom_padding=\u00a0\u00bb30px|||\u00a0\u00bb use_border_color=\u00a0\u00bboff\u00a0\u00bb border_color=\u00a0\u00bb#ffffff\u00a0\u00bb border_style=\u00a0\u00bbsolid\u00a0\u00bb]D\u00e9tails de construction<br \/>\n[\/et_pb_text][\/et_pb_column][\/et_pb_row][\/et_pb_section]<\/p>\n","protected":false},"excerpt":{"rendered":"<p>Villas (individuelles et group\u00e9es) Logements (collectifs et sociaux) \u00c9quipements publics, tertiaire, bureaux, commerces, \u00e9quipements techniques D\u00e9tails de construction<\/p>\n","protected":false},"author":1,"featured_media":0,"parent":0,"menu_order":0,"comment_status":"closed","ping_status":"closed","template":"","meta":{"_et_pb_use_builder":"on","_et_pb_old_content":"","_et_gb_content_width":"","jetpack_post_was_ever_published":false,"footnotes":""},"class_list":["post-78","page","type-page","status-publish","hentry"],"jetpack_sharing_enabled":true,"jetpack_shortlink":"https:\/\/wp.me\/P8hW72-1g","jetpack-related-posts":[],"_links":{"self":[{"href":"https:\/\/architecture-concept.eu\/index.php?rest_route=\/wp\/v2\/pages\/78","targetHints":{"allow":["GET"]}}],"collection":[{"href":"https:\/\/architecture-concept.eu\/index.php?rest_route=\/wp\/v2\/pages"}],"about":[{"href":"https:\/\/architecture-concept.eu\/index.php?rest_route=\/wp\/v2\/types\/page"}],"author":[{"embeddable":true,"href":"https:\/\/architecture-concept.eu\/index.php?rest_route=\/wp\/v2\/users\/1"}],"replies":[{"embeddable":true,"href":"https:\/\/architecture-concept.eu\/index.php?rest_route=%2Fwp%2Fv2%2Fcomments&post=78"}],"version-history":[{"count":98,"href":"https:\/\/architecture-concept.eu\/index.php?rest_route=\/wp\/v2\/pages\/78\/revisions"}],"predecessor-version":[{"id":1704,"href":"https:\/\/architecture-concept.eu\/index.php?rest_route=\/wp\/v2\/pages\/78\/revisions\/1704"}],"wp:attachment":[{"href":"https:\/\/architecture-concept.eu\/index.php?rest_route=%2Fwp%2Fv2%2Fmedia&parent=78"}],"curies":[{"name":"wp","href":"https:\/\/api.w.org\/{rel}","templated":true}]}}